{"id":183,"date":"2021-05-12T06:15:52","date_gmt":"2021-05-12T03:15:52","guid":{"rendered":"https:\/\/almawt-music.com\/?page_id=183"},"modified":"2021-05-13T14:22:42","modified_gmt":"2021-05-13T11:22:42","slug":"contact","status":"publish","type":"page","link":"https:\/\/almawt-music.com\/index.php\/contact\/","title":{"rendered":"Contact"},"content":{"rendered":"\t\t<div data-elementor-type=\"wp-page\" data-elementor-id=\"183\" class=\"elementor elementor-183\">\n\t\t\t\t\t\t<div class=\"elementor-inner\">\n\t\t\t\t<div class=\"elementor-section-wrap\">\n\t\t\t\t\t\t\t\t\t<section class=\"elementor-section elementor-top-section elementor-element elementor-element-d4dd455 elementor-section-stretched elementor-section-boxed elementor-section-height-default elementor-section-height-default\" data-id=\"d4dd455\" data-element_type=\"section\" data-settings=\"{&quot;stretch_section&quot;:&quot;section-stretched&quot;}\">\n\t\t\t\t\t\t<div class=\"elementor-container elementor-column-gap-default\">\n\t\t\t\t\t\t\t<div class=\"elementor-row\">\n\t\t\t\t\t<div class=\"elementor-column elementor-col-100 elementor-top-column elementor-element elementor-element-a3b053c\" data-id=\"a3b053c\" data-element_type=\"column\">\n\t\t\t<div class=\"elementor-column-wrap elementor-element-populated\">\n\t\t\t\t\t\t\t<div class=\"elementor-widget-wrap\">\n\t\t\t\t\t\t<div class=\"elementor-element elementor-element-2620d85 elementor-widget elementor-widget-heading\" data-id=\"2620d85\" data-element_type=\"widget\" data-widget_type=\"heading.default\">\n\t\t\t\t<div class=\"elementor-widget-container\">\n\t\t\t<h2 class=\"elementor-heading-title elementor-size-default\">UNE QUESTION ?<\/h2>\t\t<\/div>\n\t\t\t\t<\/div>\n\t\t\t\t<div class=\"elementor-element elementor-element-46908b4 elementor-widget elementor-widget-text-editor\" data-id=\"46908b4\" data-element_type=\"widget\" data-widget_type=\"text-editor.default\">\n\t\t\t\t<div class=\"elementor-widget-container\">\n\t\t\t\t\t\t\t\t<div class=\"elementor-text-editor elementor-clearfix\">\n\t\t\t\t<p>Contactez-nous<\/p>\t\t\t\t\t<\/div>\n\t\t\t\t\t\t<\/div>\n\t\t\t\t<\/div>\n\t\t\t\t<div class=\"elementor-element elementor-element-a44dbbe elementor-button-align-start elementor-widget elementor-widget-form\" data-id=\"a44dbbe\" data-element_type=\"widget\" data-settings=\"{&quot;step_next_label&quot;:&quot;Next&quot;,&quot;step_previous_label&quot;:&quot;Previous&quot;,&quot;button_width&quot;:&quot;100&quot;,&quot;step_type&quot;:&quot;number_text&quot;,&quot;step_icon_shape&quot;:&quot;circle&quot;}\" data-widget_type=\"form.default\">\n\t\t\t\t<div class=\"elementor-widget-container\">\n\t\t\t\t\t<form class=\"elementor-form\" method=\"post\" name=\"New Form\">\n\t\t\t<input type=\"hidden\" name=\"post_id\" value=\"183\"\/>\n\t\t\t<input type=\"hidden\" name=\"form_id\" value=\"a44dbbe\"\/>\n\t\t\t<input type=\"hidden\" name=\"referer_title\" value=\"Almawt Music\" \/>\n\n\t\t\t\n\t\t\t<div class=\"elementor-form-fields-wrapper elementor-labels-above\">\n\t\t\t\t\t\t\t\t<div class=\"elementor-field-type-text elementor-field-group elementor-column elementor-field-group-name elementor-col-100\">\n\t\t\t\t\t\t\t\t\t\t\t\t<label for=\"form-field-name\" class=\"elementor-field-label\">\n\t\t\t\t\t\t\t\tNOM\t\t\t\t\t\t\t<\/label>\n\t\t\t\t\t\t\t\t\t\t\t\t\t\t<input size=\"1\" type=\"text\" name=\"form_fields[name]\" id=\"form-field-name\" class=\"elementor-field elementor-size-sm  elementor-field-textual\" placeholder=\"Entrez votre nom\">\n\t\t\t\t\t\t\t\t\t\t\t<\/div>\n\t\t\t\t\t\t\t\t<div class=\"elementor-field-type-email elementor-field-group elementor-column elementor-field-group-email elementor-col-100 elementor-field-required\">\n\t\t\t\t\t\t\t\t\t\t\t\t<label for=\"form-field-email\" class=\"elementor-field-label\">\n\t\t\t\t\t\t\t\tEmail\t\t\t\t\t\t\t<\/label>\n\t\t\t\t\t\t\t\t\t\t\t\t\t\t<input size=\"1\" type=\"email\" name=\"form_fields[email]\" id=\"form-field-email\" class=\"elementor-field elementor-size-sm  elementor-field-textual\" placeholder=\"Entrez votre adresse email\" required=\"required\" aria-required=\"true\">\n\t\t\t\t\t\t\t\t\t\t\t<\/div>\n\t\t\t\t\t\t\t\t<div class=\"elementor-field-type-textarea elementor-field-group elementor-column elementor-field-group-message elementor-col-100\">\n\t\t\t\t\t\t\t\t\t\t\t\t<label for=\"form-field-message\" class=\"elementor-field-label\">\n\t\t\t\t\t\t\t\tMessage\t\t\t\t\t\t\t<\/label>\n\t\t\t\t\t\t<textarea class=\"elementor-field-textual elementor-field  elementor-size-sm\" name=\"form_fields[message]\" id=\"form-field-message\" rows=\"4\" placeholder=\"Quel est votre message ?\"><\/textarea>\t\t\t\t<\/div>\n\t\t\t\t\t\t\t\t<div class=\"elementor-field-group elementor-column elementor-field-type-submit elementor-col-100 e-form__buttons\">\n\t\t\t\t\t<button type=\"submit\" class=\"elementor-button elementor-size-sm\">\n\t\t\t\t\t\t<span >\n\t\t\t\t\t\t\t\t\t\t\t\t\t\t\t<span class=\" elementor-button-icon\">\n\t\t\t\t\t\t\t\t\t\t\t\t\t\t\t\t\t\t\t\t\t\t\t\t\t\t<\/span>\n\t\t\t\t\t\t\t\t\t\t\t\t\t\t\t\t\t\t\t\t\t\t<span class=\"elementor-button-text\">Envoyer<\/span>\n\t\t\t\t\t\t\t\t\t\t\t\t\t<\/span>\n\t\t\t\t\t<\/button>\n\t\t\t\t<\/div>\n\t\t\t<\/div>\n\t\t<\/form>\n\t\t\t\t<\/div>\n\t\t\t\t<\/div>\n\t\t\t\t\t\t<\/div>\n\t\t\t\t\t<\/div>\n\t\t<\/div>\n\t\t\t\t\t\t\t\t<\/div>\n\t\t\t\t\t<\/div>\n\t\t<\/section>\n\t\t\t\t<section class=\"elementor-section elementor-top-section elementor-element elementor-element-f524681 elementor-section-full_width elementor-section-stretched elementor-section-height-default elementor-section-height-default\" data-id=\"f524681\" data-element_type=\"section\" data-settings=\"{&quot;stretch_section&quot;:&quot;section-stretched&quot;}\">\n\t\t\t\t\t\t<div class=\"elementor-container elementor-column-gap-no\">\n\t\t\t\t\t\t\t<div class=\"elementor-row\">\n\t\t\t\t\t<div class=\"elementor-column elementor-col-100 elementor-top-column elementor-element elementor-element-d4c5f72\" data-id=\"d4c5f72\" data-element_type=\"column\">\n\t\t\t<div class=\"elementor-column-wrap elementor-element-populated\">\n\t\t\t\t\t\t\t<div class=\"elementor-widget-wrap\">\n\t\t\t\t\t\t<div class=\"elementor-element elementor-element-721390a elementor-widget elementor-widget-image\" data-id=\"721390a\" data-element_type=\"widget\" data-widget_type=\"image.default\">\n\t\t\t\t<div class=\"elementor-widget-container\">\n\t\t\t\t\t\t\t\t<div class=\"elementor-image\">\n\t\t\t\t\t\t\t\t\t\t\t\t<img decoding=\"async\" width=\"1920\" height=\"411\" src=\"https:\/\/almawt-music.com\/wp-content\/uploads\/2021\/05\/almawt-music-contact.png\" class=\"attachment-full size-full wp-image-257\" alt=\"\" loading=\"lazy\" srcset=\"https:\/\/almawt-music.com\/wp-content\/uploads\/2021\/05\/almawt-music-contact.png 1920w, https:\/\/almawt-music.com\/wp-content\/uploads\/2021\/05\/almawt-music-contact-300x64.png 300w, https:\/\/almawt-music.com\/wp-content\/uploads\/2021\/05\/almawt-music-contact-600x128.png 600w, https:\/\/almawt-music.com\/wp-content\/uploads\/2021\/05\/almawt-music-contact-1024x219.png 1024w, https:\/\/almawt-music.com\/wp-content\/uploads\/2021\/05\/almawt-music-contact-768x164.png 768w, https:\/\/almawt-music.com\/wp-content\/uploads\/2021\/05\/almawt-music-contact-1536x329.png 1536w\" sizes=\"(max-width: 1920px) 100vw, 1920px\" \/>\t\t\t\t\t\t\t\t\t\t\t\t\t\t<\/div>\n\t\t\t\t\t\t<\/div>\n\t\t\t\t<\/div>\n\t\t\t\t\t\t<\/div>\n\t\t\t\t\t<\/div>\n\t\t<\/div>\n\t\t\t\t\t\t\t\t<\/div>\n\t\t\t\t\t<\/div>\n\t\t<\/section>\n\t\t\t\t\t\t\t\t\t<\/div>\n\t\t\t<\/div>\n\t\t\t\t\t<\/div>\n\t\t","protected":false},"excerpt":{"rendered":"<p>UNE QUESTION ? Contactez-nous<\/p>\n","protected":false},"author":15,"featured_media":0,"parent":0,"menu_order":0,"comment_status":"closed","ping_status":"closed","template":"","meta":{"_monsterinsights_skip_tracking":false,"_monsterinsights_sitenote_active":false,"_monsterinsights_sitenote_note":"","_monsterinsights_sitenote_category":0},"yoast_head":"<!-- This site is optimized with the Yoast SEO plugin v21.1 - https:\/\/yoast.com\/wordpress\/plugins\/seo\/ -->\n<title>Contact | Almawt Music<\/title>\n<meta name=\"description\" content=\"Pour nous contacter, cliquez ici. Soyez inform\u00e9s des actualit\u00e9s des artistes et du label en vous inscrivant \u00e0 notre newsletter.\" \/>\n<meta name=\"robots\" content=\"index, follow, max-snippet:-1, max-image-preview:large, max-video-preview:-1\" \/>\n<link rel=\"canonical\" href=\"https:\/\/almawt-music.com\/index.php\/contact\/\" \/>\n<meta property=\"og:locale\" content=\"fr_FR\" \/>\n<meta property=\"og:type\" content=\"article\" \/>\n<meta property=\"og:title\" content=\"Contact | Almawt Music\" \/>\n<meta property=\"og:description\" content=\"Pour nous contacter, cliquez ici. Soyez inform\u00e9s des actualit\u00e9s des artistes et du label en vous inscrivant \u00e0 notre newsletter.\" \/>\n<meta property=\"og:url\" content=\"https:\/\/almawt-music.com\/index.php\/contact\/\" \/>\n<meta property=\"og:site_name\" content=\"Almawt Music\" \/>\n<meta property=\"article:publisher\" content=\"https:\/\/www.facebook.com\/AlmawtMusic\" \/>\n<meta property=\"article:modified_time\" content=\"2021-05-13T11:22:42+00:00\" \/>\n<meta property=\"og:image\" content=\"https:\/\/almawt-music.com\/wp-content\/uploads\/2021\/05\/almawt-music-contact.png\" \/>\n<meta name=\"twitter:card\" content=\"summary_large_image\" \/>\n<meta name=\"twitter:site\" content=\"@AlmawtM\" \/>\n<meta name=\"twitter:label1\" content=\"Dur\u00e9e de lecture estim\u00e9e\" \/>\n\t<meta name=\"twitter:data1\" content=\"1 minute\" \/>\n<script type=\"application\/ld+json\" class=\"yoast-schema-graph\">{\"@context\":\"https:\/\/schema.org\",\"@graph\":[{\"@type\":\"WebPage\",\"@id\":\"https:\/\/almawt-music.com\/index.php\/contact\/\",\"url\":\"https:\/\/almawt-music.com\/index.php\/contact\/\",\"name\":\"Contact | Almawt Music\",\"isPartOf\":{\"@id\":\"https:\/\/almawt-music.com\/#website\"},\"datePublished\":\"2021-05-12T03:15:52+00:00\",\"dateModified\":\"2021-05-13T11:22:42+00:00\",\"description\":\"Pour nous contacter, cliquez ici. Soyez inform\u00e9s des actualit\u00e9s des artistes et du label en vous inscrivant \u00e0 notre newsletter.\",\"breadcrumb\":{\"@id\":\"https:\/\/almawt-music.com\/index.php\/contact\/#breadcrumb\"},\"inLanguage\":\"fr-FR\",\"potentialAction\":[{\"@type\":\"ReadAction\",\"target\":[\"https:\/\/almawt-music.com\/index.php\/contact\/\"]}]},{\"@type\":\"BreadcrumbList\",\"@id\":\"https:\/\/almawt-music.com\/index.php\/contact\/#breadcrumb\",\"itemListElement\":[{\"@type\":\"ListItem\",\"position\":1,\"name\":\"Accueil\",\"item\":\"https:\/\/almawt-music.com\/\"},{\"@type\":\"ListItem\",\"position\":2,\"name\":\"Contact\"}]},{\"@type\":\"WebSite\",\"@id\":\"https:\/\/almawt-music.com\/#website\",\"url\":\"https:\/\/almawt-music.com\/\",\"name\":\"Almawt Music\",\"description\":\"\",\"publisher\":{\"@id\":\"https:\/\/almawt-music.com\/#organization\"},\"potentialAction\":[{\"@type\":\"SearchAction\",\"target\":{\"@type\":\"EntryPoint\",\"urlTemplate\":\"https:\/\/almawt-music.com\/?s={search_term_string}\"},\"query-input\":\"required name=search_term_string\"}],\"inLanguage\":\"fr-FR\"},{\"@type\":\"Organization\",\"@id\":\"https:\/\/almawt-music.com\/#organization\",\"name\":\"ALMAWT MUSIC SAS\",\"url\":\"https:\/\/almawt-music.com\/\",\"logo\":{\"@type\":\"ImageObject\",\"inLanguage\":\"fr-FR\",\"@id\":\"https:\/\/almawt-music.com\/#\/schema\/logo\/image\/\",\"url\":\"https:\/\/almawt-music.com\/wp-content\/uploads\/2020\/10\/Almawt-Music-Logo.jpg\",\"contentUrl\":\"https:\/\/almawt-music.com\/wp-content\/uploads\/2020\/10\/Almawt-Music-Logo.jpg\",\"width\":966,\"height\":966,\"caption\":\"ALMAWT MUSIC SAS\"},\"image\":{\"@id\":\"https:\/\/almawt-music.com\/#\/schema\/logo\/image\/\"},\"sameAs\":[\"https:\/\/www.facebook.com\/AlmawtMusic\",\"https:\/\/twitter.com\/AlmawtM\",\"https:\/\/www.instagram.com\/almawt_music\/\",\"https:\/\/www.linkedin.com\/company\/almawt-music\/\"]}]}<\/script>\n<!-- \/ Yoast SEO plugin. -->","yoast_head_json":{"title":"Contact | Almawt Music","description":"Pour nous contacter, cliquez ici. Soyez inform\u00e9s des actualit\u00e9s des artistes et du label en vous inscrivant \u00e0 notre newsletter.","robots":{"index":"index","follow":"follow","max-snippet":"max-snippet:-1","max-image-preview":"max-image-preview:large","max-video-preview":"max-video-preview:-1"},"canonical":"https:\/\/almawt-music.com\/index.php\/contact\/","og_locale":"fr_FR","og_type":"article","og_title":"Contact | Almawt Music","og_description":"Pour nous contacter, cliquez ici. Soyez inform\u00e9s des actualit\u00e9s des artistes et du label en vous inscrivant \u00e0 notre newsletter.","og_url":"https:\/\/almawt-music.com\/index.php\/contact\/","og_site_name":"Almawt Music","article_publisher":"https:\/\/www.facebook.com\/AlmawtMusic","article_modified_time":"2021-05-13T11:22:42+00:00","og_image":[{"url":"https:\/\/almawt-music.com\/wp-content\/uploads\/2021\/05\/almawt-music-contact.png"}],"twitter_card":"summary_large_image","twitter_site":"@AlmawtM","twitter_misc":{"Dur\u00e9e de lecture estim\u00e9e":"1 minute"},"schema":{"@context":"https:\/\/schema.org","@graph":[{"@type":"WebPage","@id":"https:\/\/almawt-music.com\/index.php\/contact\/","url":"https:\/\/almawt-music.com\/index.php\/contact\/","name":"Contact | Almawt Music","isPartOf":{"@id":"https:\/\/almawt-music.com\/#website"},"datePublished":"2021-05-12T03:15:52+00:00","dateModified":"2021-05-13T11:22:42+00:00","description":"Pour nous contacter, cliquez ici. Soyez inform\u00e9s des actualit\u00e9s des artistes et du label en vous inscrivant \u00e0 notre newsletter.","breadcrumb":{"@id":"https:\/\/almawt-music.com\/index.php\/contact\/#breadcrumb"},"inLanguage":"fr-FR","potentialAction":[{"@type":"ReadAction","target":["https:\/\/almawt-music.com\/index.php\/contact\/"]}]},{"@type":"BreadcrumbList","@id":"https:\/\/almawt-music.com\/index.php\/contact\/#breadcrumb","itemListElement":[{"@type":"ListItem","position":1,"name":"Accueil","item":"https:\/\/almawt-music.com\/"},{"@type":"ListItem","position":2,"name":"Contact"}]},{"@type":"WebSite","@id":"https:\/\/almawt-music.com\/#website","url":"https:\/\/almawt-music.com\/","name":"Almawt Music","description":"","publisher":{"@id":"https:\/\/almawt-music.com\/#organization"},"potentialAction":[{"@type":"SearchAction","target":{"@type":"EntryPoint","urlTemplate":"https:\/\/almawt-music.com\/?s={search_term_string}"},"query-input":"required name=search_term_string"}],"inLanguage":"fr-FR"},{"@type":"Organization","@id":"https:\/\/almawt-music.com\/#organization","name":"ALMAWT MUSIC SAS","url":"https:\/\/almawt-music.com\/","logo":{"@type":"ImageObject","inLanguage":"fr-FR","@id":"https:\/\/almawt-music.com\/#\/schema\/logo\/image\/","url":"https:\/\/almawt-music.com\/wp-content\/uploads\/2020\/10\/Almawt-Music-Logo.jpg","contentUrl":"https:\/\/almawt-music.com\/wp-content\/uploads\/2020\/10\/Almawt-Music-Logo.jpg","width":966,"height":966,"caption":"ALMAWT MUSIC SAS"},"image":{"@id":"https:\/\/almawt-music.com\/#\/schema\/logo\/image\/"},"sameAs":["https:\/\/www.facebook.com\/AlmawtMusic","https:\/\/twitter.com\/AlmawtM","https:\/\/www.instagram.com\/almawt_music\/","https:\/\/www.linkedin.com\/company\/almawt-music\/"]}]}},"_links":{"self":[{"href":"https:\/\/almawt-music.com\/index.php\/wp-json\/wp\/v2\/pages\/183"}],"collection":[{"href":"https:\/\/almawt-music.com\/index.php\/wp-json\/wp\/v2\/pages"}],"about":[{"href":"https:\/\/almawt-music.com\/index.php\/wp-json\/wp\/v2\/types\/page"}],"author":[{"embeddable":true,"href":"https:\/\/almawt-music.com\/index.php\/wp-json\/wp\/v2\/users\/15"}],"replies":[{"embeddable":true,"href":"https:\/\/almawt-music.com\/index.php\/wp-json\/wp\/v2\/comments?post=183"}],"version-history":[{"count":8,"href":"https:\/\/almawt-music.com\/index.php\/wp-json\/wp\/v2\/pages\/183\/revisions"}],"predecessor-version":[{"id":434,"href":"https:\/\/almawt-music.com\/index.php\/wp-json\/wp\/v2\/pages\/183\/revisions\/434"}],"wp:attachment":[{"href":"https:\/\/almawt-music.com\/index.php\/wp-json\/wp\/v2\/media?parent=183"}],"curies":[{"name":"wp","href":"https:\/\/api.w.org\/{rel}","templated":true}]}}